{"id":4529,"date":"2024-10-27T21:08:02","date_gmt":"2024-10-27T21:08:02","guid":{"rendered":"https:\/\/fehv.org\/?page_id=4529"},"modified":"2024-10-27T21:21:33","modified_gmt":"2024-10-27T21:21:33","slug":"legal-notice","status":"publish","type":"page","link":"https:\/\/fehv.org\/en\/legal-notice\/","title":{"rendered":"Legal notice"},"content":{"rendered":"\t\t<div data-elementor-type=\"wp-page\" data-elementor-id=\"4529\" class=\"elementor elementor-4529 elementor-4500\">\n\t\t\t\t\t\t<section class=\"elementor-section elementor-top-section elementor-element elementor-element-362cf56 elementor-section-boxed elementor-section-height-default elementor-section-height-default\" data-id=\"362cf56\" data-element_type=\"section\">\n\t\t\t\t\t\t<div class=\"elementor-container elementor-column-gap-default\">\n\t\t\t\t\t<div class=\"elementor-column elementor-col-100 elementor-top-column elementor-element elementor-element-9026e35\" data-id=\"9026e35\" data-element_type=\"column\">\n\t\t\t<div class=\"elementor-widget-wrap elementor-element-populated\">\n\t\t\t\t\t\t<div class=\"elementor-element elementor-element-8235deb elementor-widget elementor-widget-spacer\" data-id=\"8235deb\" data-element_type=\"widget\" data-widget_type=\"spacer.default\">\n\t\t\t\t<div class=\"elementor-widget-container\">\n\t\t\t\t\t<div class=\"elementor-spacer\">\n\t\t\t<div class=\"elementor-spacer-inner\"><\/div>\n\t\t<\/div>\n\t\t\t\t<\/div>\n\t\t\t\t<\/div>\n\t\t\t\t\t<\/div>\n\t\t<\/div>\n\t\t\t\t\t<\/div>\n\t\t<\/section>\n\t\t\t\t<section class=\"elementor-section elementor-top-section elementor-element elementor-element-e9fe36d elementor-section-boxed elementor-section-height-default elementor-section-height-default\" data-id=\"e9fe36d\" data-element_type=\"section\">\n\t\t\t\t\t\t<div class=\"elementor-container elementor-column-gap-default\">\n\t\t\t\t\t<div class=\"elementor-column elementor-col-100 elementor-top-column elementor-element elementor-element-4bf4944\" data-id=\"4bf4944\" data-element_type=\"column\">\n\t\t\t<div class=\"elementor-widget-wrap elementor-element-populated\">\n\t\t\t\t\t\t<div class=\"elementor-element elementor-element-fe546b1 elementor-widget elementor-widget-heading\" data-id=\"fe546b1\" data-element_type=\"widget\" data-widget_type=\"heading.default\">\n\t\t\t\t<div class=\"elementor-widget-container\">\n\t\t\t<h1 class=\"elementor-heading-title elementor-size-default\">Legal notice<\/h1>\t\t<\/div>\n\t\t\t\t<\/div>\n\t\t\t\t\t<\/div>\n\t\t<\/div>\n\t\t\t\t\t<\/div>\n\t\t<\/section>\n\t\t\t\t<section class=\"elementor-section elementor-top-section elementor-element elementor-element-7b59f83 elementor-section-boxed elementor-section-height-default elementor-section-height-default\" data-id=\"7b59f83\" data-element_type=\"section\">\n\t\t\t\t\t\t<div class=\"elementor-container elementor-column-gap-default\">\n\t\t\t\t\t<div class=\"elementor-column elementor-col-100 elementor-top-column elementor-element elementor-element-08d9231\" data-id=\"08d9231\" data-element_type=\"column\">\n\t\t\t<div class=\"elementor-widget-wrap elementor-element-populated\">\n\t\t\t\t\t\t<div class=\"elementor-element elementor-element-3a4e3de elementor-widget elementor-widget-text-editor\" data-id=\"3a4e3de\" data-element_type=\"widget\" data-widget_type=\"text-editor.default\">\n\t\t\t\t<div class=\"elementor-widget-container\">\n\t\t\t\t\t\t\t<p>This legal notice regulates access to and use of the website <a href=\"http:\/\/www.fehv.org\" target=\"_new\" rel=\"noopener\">www.fehv.org<\/a> (hereinafter, \u201cthe site\u201d), owned by the <strong>Foundation for the Study of Viral Hepatitis<\/strong>.<\/p><p>\u00a0<\/p><p><strong style=\"color: inherit; font-family: inherit; font-size: 1.25rem;\">Website owner information<\/strong><\/p><ul><li><strong>Entity<\/strong>: Foundation for the Study of Viral Hepatitis.<\/li><li><strong>CIF<\/strong>: [Incluir CIF si es necesario].<\/li><li><strong>Address<\/strong>: C. de Guzm\u00e1n el Bueno, 72, Chamber\u00ed, 28015 Madrid.<\/li><li><strong>Phone number<\/strong>: +34 915 44 94 64.<\/li><li><strong>Email<\/strong>: <a rel=\"noopener\">fehv@fehv.org<\/a>.<\/li><\/ul><h5><strong style=\"color: inherit; font-family: inherit; font-size: 1.25rem;\">Terms of use<\/strong><\/h5><h5><span style=\"font-size: 1rem;\">Use of the website <\/span><a style=\"background-color: #ffffff; font-size: 1rem;\" href=\"http:\/\/www.fehv.org\" target=\"_new\" rel=\"noopener\">www.fehv.org<\/a><span style=\"font-size: 1rem;\"> is subject to the following conditions:<\/span><\/h5><ol><li><strong>Content<\/strong>: All information available on the site is for informational purposes only and should not be considered legal or medical advice.<\/li><li><strong>Intellectual property<\/strong>: The content, images, texts, and other materials on the site are the property of the <strong>Foundation for the Study of Viral Hepatitis<\/strong> or authorized third parties. Reproduction without express authorization is prohibited.<\/li><li><strong>Liability<\/strong>: The <strong>Foundation for the Study of Viral Hepatitis<\/strong> is not responsible for damages arising from the use of the website or for any errors or outdated information in the content.<\/li><\/ol><h5><strong>Third-party links<\/strong><\/h5><p>The website <a href=\"http:\/\/www.fehv.org\" target=\"_new\" rel=\"noopener\">www.fehv.org<\/a> may include links to external pages. The <strong>Foundation for the Study of Viral Hepatitis<\/strong> is not responsible for the content of these pages or their privacy policies.<\/p>\t\t\t\t\t\t<\/div>\n\t\t\t\t<\/div>\n\t\t\t\t\t<\/div>\n\t\t<\/div>\n\t\t\t\t\t<\/div>\n\t\t<\/section>\n\t\t\t\t<\/div>\n\t\t","protected":false},"excerpt":{"rendered":"Legal notice This legal notice regulates access to and use of the website www.fehv.org (hereinafter, \u201cthe site\u201d), owned by the Foundation for the Study of Viral Hepatitis. \u00a0 Website owner information Entity: Foundation for the Study of Viral Hepatitis. CIF: [Incluir CIF si es necesario]. Address: C. de Guzm\u00e1n el Bueno, 72, Chamber\u00ed, 28015 Madrid&#8230;. <a class=\"view-article\" href=\"https:\/\/fehv.org\/en\/legal-notice\/\">View Article<\/a>","protected":false},"author":1,"featured_media":0,"parent":0,"menu_order":0,"comment_status":"closed","ping_status":"closed","template":"template\/template-doctor.php","meta":{"_acf_changed":false,"footnotes":""},"class_list":["post-4529","page","type-page","status-publish","hentry"],"acf":[],"yoast_head":"<!-- This site is optimized with the Yoast SEO Premium plugin v23.7 (Yoast SEO v23.7) - https:\/\/yoast.com\/wordpress\/plugins\/seo\/ -->\n<title>Legal notice - Cl\u00ednica FEHV<\/title>\n<meta name=\"robots\" content=\"index, follow, max-snippet:-1, max-image-preview:large, max-video-preview:-1\" \/>\n<link rel=\"canonical\" href=\"https:\/\/fehv.org\/en\/legal-notice\/\" \/>\n<meta property=\"og:locale\" content=\"en_US\" \/>\n<meta property=\"og:type\" content=\"article\" \/>\n<meta property=\"og:title\" content=\"Legal notice\" \/>\n<meta property=\"og:description\" content=\"Legal notice This legal notice regulates access to and use of the website www.fehv.org (hereinafter, \u201cthe site\u201d), owned by the Foundation for the Study of Viral Hepatitis. \u00a0 Website owner information Entity: Foundation for the Study of Viral Hepatitis. CIF: [Incluir CIF si es necesario]. Address: C. de Guzm\u00e1n el Bueno, 72, Chamber\u00ed, 28015 Madrid.... View Article\" \/>\n<meta property=\"og:url\" content=\"https:\/\/fehv.org\/en\/legal-notice\/\" \/>\n<meta property=\"og:site_name\" content=\"Cl\u00ednica FEHV\" \/>\n<meta property=\"article:publisher\" content=\"https:\/\/www.facebook.com\/pages\/Fundacion%20Para%20el%20Estudio%20de%20las%20Hepatitis%20Virales\/228605694153917\/\" \/>\n<meta property=\"article:modified_time\" content=\"2024-10-27T21:21:33+00:00\" \/>\n<meta name=\"twitter:card\" content=\"summary_large_image\" \/>\n<meta name=\"twitter:label1\" content=\"Est. reading time\" \/>\n\t<meta name=\"twitter:data1\" content=\"1 minute\" \/>\n<script type=\"application\/ld+json\" class=\"yoast-schema-graph\">{\"@context\":\"https:\/\/schema.org\",\"@graph\":[{\"@type\":\"WebPage\",\"@id\":\"https:\/\/fehv.org\/en\/legal-notice\/\",\"url\":\"https:\/\/fehv.org\/en\/legal-notice\/\",\"name\":\"Legal notice - Cl\u00ednica FEHV\",\"isPartOf\":{\"@id\":\"https:\/\/fehv.org\/#website\"},\"datePublished\":\"2024-10-27T21:08:02+00:00\",\"dateModified\":\"2024-10-27T21:21:33+00:00\",\"breadcrumb\":{\"@id\":\"https:\/\/fehv.org\/en\/legal-notice\/#breadcrumb\"},\"inLanguage\":\"en-US\",\"potentialAction\":[{\"@type\":\"ReadAction\",\"target\":[\"https:\/\/fehv.org\/en\/legal-notice\/\"]}]},{\"@type\":\"BreadcrumbList\",\"@id\":\"https:\/\/fehv.org\/en\/legal-notice\/#breadcrumb\",\"itemListElement\":[{\"@type\":\"ListItem\",\"position\":1,\"name\":\"Portada\",\"item\":\"https:\/\/fehv.org\/en\/\"},{\"@type\":\"ListItem\",\"position\":2,\"name\":\"Legal notice\"}]},{\"@type\":\"WebSite\",\"@id\":\"https:\/\/fehv.org\/#website\",\"url\":\"https:\/\/fehv.org\/\",\"name\":\"Cl\u00ednica FEHV\",\"description\":\"Web de la Cl\u00ednica de la Fundaci\u00f3n para el Estudio de las Hepatitis Virales\",\"publisher\":{\"@id\":\"https:\/\/fehv.org\/#organization\"},\"potentialAction\":[{\"@type\":\"SearchAction\",\"target\":{\"@type\":\"EntryPoint\",\"urlTemplate\":\"https:\/\/fehv.org\/?s={search_term_string}\"},\"query-input\":{\"@type\":\"PropertyValueSpecification\",\"valueRequired\":true,\"valueName\":\"search_term_string\"}}],\"inLanguage\":\"en-US\"},{\"@type\":\"Organization\",\"@id\":\"https:\/\/fehv.org\/#organization\",\"name\":\"Fundaci\u00f3n para el Estudio de las Hepatitis Virales - FEHV\",\"url\":\"https:\/\/fehv.org\/\",\"logo\":{\"@type\":\"ImageObject\",\"inLanguage\":\"en-US\",\"@id\":\"https:\/\/fehv.org\/#\/schema\/logo\/image\/\",\"url\":\"https:\/\/fehv.org\/wp-content\/uploads\/2021\/03\/logo_fib-4.png\",\"contentUrl\":\"https:\/\/fehv.org\/wp-content\/uploads\/2021\/03\/logo_fib-4.png\",\"width\":47,\"height\":73,\"caption\":\"Fundaci\u00f3n para el Estudio de las Hepatitis Virales - FEHV\"},\"image\":{\"@id\":\"https:\/\/fehv.org\/#\/schema\/logo\/image\/\"},\"sameAs\":[\"https:\/\/www.facebook.com\/pages\/Fundacion Para el Estudio de las Hepatitis Virales\/228605694153917\/\"]}]}<\/script>\n<!-- \/ Yoast SEO Premium plugin. -->","yoast_head_json":{"title":"Legal notice - Cl\u00ednica FEHV","robots":{"index":"index","follow":"follow","max-snippet":"max-snippet:-1","max-image-preview":"max-image-preview:large","max-video-preview":"max-video-preview:-1"},"canonical":"https:\/\/fehv.org\/en\/legal-notice\/","og_locale":"en_US","og_type":"article","og_title":"Legal notice","og_description":"Legal notice This legal notice regulates access to and use of the website www.fehv.org (hereinafter, \u201cthe site\u201d), owned by the Foundation for the Study of Viral Hepatitis. \u00a0 Website owner information Entity: Foundation for the Study of Viral Hepatitis. CIF: [Incluir CIF si es necesario]. Address: C. de Guzm\u00e1n el Bueno, 72, Chamber\u00ed, 28015 Madrid.... View Article","og_url":"https:\/\/fehv.org\/en\/legal-notice\/","og_site_name":"Cl\u00ednica FEHV","article_publisher":"https:\/\/www.facebook.com\/pages\/Fundacion%20Para%20el%20Estudio%20de%20las%20Hepatitis%20Virales\/228605694153917\/","article_modified_time":"2024-10-27T21:21:33+00:00","twitter_card":"summary_large_image","twitter_misc":{"Est. reading time":"1 minute"},"schema":{"@context":"https:\/\/schema.org","@graph":[{"@type":"WebPage","@id":"https:\/\/fehv.org\/en\/legal-notice\/","url":"https:\/\/fehv.org\/en\/legal-notice\/","name":"Legal notice - Cl\u00ednica FEHV","isPartOf":{"@id":"https:\/\/fehv.org\/#website"},"datePublished":"2024-10-27T21:08:02+00:00","dateModified":"2024-10-27T21:21:33+00:00","breadcrumb":{"@id":"https:\/\/fehv.org\/en\/legal-notice\/#breadcrumb"},"inLanguage":"en-US","potentialAction":[{"@type":"ReadAction","target":["https:\/\/fehv.org\/en\/legal-notice\/"]}]},{"@type":"BreadcrumbList","@id":"https:\/\/fehv.org\/en\/legal-notice\/#breadcrumb","itemListElement":[{"@type":"ListItem","position":1,"name":"Portada","item":"https:\/\/fehv.org\/en\/"},{"@type":"ListItem","position":2,"name":"Legal notice"}]},{"@type":"WebSite","@id":"https:\/\/fehv.org\/#website","url":"https:\/\/fehv.org\/","name":"Cl\u00ednica FEHV","description":"Web de la Cl\u00ednica de la Fundaci\u00f3n para el Estudio de las Hepatitis Virales","publisher":{"@id":"https:\/\/fehv.org\/#organization"},"potentialAction":[{"@type":"SearchAction","target":{"@type":"EntryPoint","urlTemplate":"https:\/\/fehv.org\/?s={search_term_string}"},"query-input":{"@type":"PropertyValueSpecification","valueRequired":true,"valueName":"search_term_string"}}],"inLanguage":"en-US"},{"@type":"Organization","@id":"https:\/\/fehv.org\/#organization","name":"Fundaci\u00f3n para el Estudio de las Hepatitis Virales - FEHV","url":"https:\/\/fehv.org\/","logo":{"@type":"ImageObject","inLanguage":"en-US","@id":"https:\/\/fehv.org\/#\/schema\/logo\/image\/","url":"https:\/\/fehv.org\/wp-content\/uploads\/2021\/03\/logo_fib-4.png","contentUrl":"https:\/\/fehv.org\/wp-content\/uploads\/2021\/03\/logo_fib-4.png","width":47,"height":73,"caption":"Fundaci\u00f3n para el Estudio de las Hepatitis Virales - FEHV"},"image":{"@id":"https:\/\/fehv.org\/#\/schema\/logo\/image\/"},"sameAs":["https:\/\/www.facebook.com\/pages\/Fundacion Para el Estudio de las Hepatitis Virales\/228605694153917\/"]}]}},"_links":{"self":[{"href":"https:\/\/fehv.org\/en\/wp-json\/wp\/v2\/pages\/4529"}],"collection":[{"href":"https:\/\/fehv.org\/en\/wp-json\/wp\/v2\/pages"}],"about":[{"href":"https:\/\/fehv.org\/en\/wp-json\/wp\/v2\/types\/page"}],"author":[{"embeddable":true,"href":"https:\/\/fehv.org\/en\/wp-json\/wp\/v2\/users\/1"}],"replies":[{"embeddable":true,"href":"https:\/\/fehv.org\/en\/wp-json\/wp\/v2\/comments?post=4529"}],"version-history":[{"count":7,"href":"https:\/\/fehv.org\/en\/wp-json\/wp\/v2\/pages\/4529\/revisions"}],"predecessor-version":[{"id":4536,"href":"https:\/\/fehv.org\/en\/wp-json\/wp\/v2\/pages\/4529\/revisions\/4536"}],"wp:attachment":[{"href":"https:\/\/fehv.org\/en\/wp-json\/wp\/v2\/media?parent=4529"}],"curies":[{"name":"wp","href":"https:\/\/api.w.org\/{rel}","templated":true}]}}