{"id":4521,"date":"2024-10-27T20:58:01","date_gmt":"2024-10-27T20:58:01","guid":{"rendered":"https:\/\/fehv.org\/?page_id=4521"},"modified":"2024-10-27T21:04:05","modified_gmt":"2024-10-27T21:04:05","slug":"cookies-policy","status":"publish","type":"page","link":"https:\/\/fehv.org\/en\/cookies-policy\/","title":{"rendered":"Cookies policy"},"content":{"rendered":"\t\t<div data-elementor-type=\"wp-page\" data-elementor-id=\"4521\" class=\"elementor elementor-4521 elementor-4483\">\n\t\t\t\t\t\t<section class=\"elementor-section elementor-top-section elementor-element elementor-element-cac1b53 elementor-section-boxed elementor-section-height-default elementor-section-height-default\" data-id=\"cac1b53\" data-element_type=\"section\">\n\t\t\t\t\t\t<div class=\"elementor-container elementor-column-gap-default\">\n\t\t\t\t\t<div class=\"elementor-column elementor-col-100 elementor-top-column elementor-element elementor-element-fbdb728\" data-id=\"fbdb728\" data-element_type=\"column\">\n\t\t\t<div class=\"elementor-widget-wrap elementor-element-populated\">\n\t\t\t\t\t\t<div class=\"elementor-element elementor-element-a85303c elementor-widget elementor-widget-spacer\" data-id=\"a85303c\" data-element_type=\"widget\" data-widget_type=\"spacer.default\">\n\t\t\t\t<div class=\"elementor-widget-container\">\n\t\t\t\t\t<div class=\"elementor-spacer\">\n\t\t\t<div class=\"elementor-spacer-inner\"><\/div>\n\t\t<\/div>\n\t\t\t\t<\/div>\n\t\t\t\t<\/div>\n\t\t\t\t\t<\/div>\n\t\t<\/div>\n\t\t\t\t\t<\/div>\n\t\t<\/section>\n\t\t\t\t<section class=\"elementor-section elementor-top-section elementor-element elementor-element-d961851 elementor-section-boxed elementor-section-height-default elementor-section-height-default\" data-id=\"d961851\" data-element_type=\"section\">\n\t\t\t\t\t\t<div class=\"elementor-container elementor-column-gap-default\">\n\t\t\t\t\t<div class=\"elementor-column elementor-col-100 elementor-top-column elementor-element elementor-element-279c98d\" data-id=\"279c98d\" data-element_type=\"column\">\n\t\t\t<div class=\"elementor-widget-wrap elementor-element-populated\">\n\t\t\t\t\t\t<div class=\"elementor-element elementor-element-2ac0d37 elementor-widget elementor-widget-heading\" data-id=\"2ac0d37\" data-element_type=\"widget\" data-widget_type=\"heading.default\">\n\t\t\t\t<div class=\"elementor-widget-container\">\n\t\t\t<h1 class=\"elementor-heading-title elementor-size-default\">Cookies policy<\/h1>\t\t<\/div>\n\t\t\t\t<\/div>\n\t\t\t\t\t<\/div>\n\t\t<\/div>\n\t\t\t\t\t<\/div>\n\t\t<\/section>\n\t\t\t\t<section class=\"elementor-section elementor-top-section elementor-element elementor-element-cc13e53 elementor-section-boxed elementor-section-height-default elementor-section-height-default\" data-id=\"cc13e53\" data-element_type=\"section\">\n\t\t\t\t\t\t<div class=\"elementor-container elementor-column-gap-default\">\n\t\t\t\t\t<div class=\"elementor-column elementor-col-100 elementor-top-column elementor-element elementor-element-9d697cf\" data-id=\"9d697cf\" data-element_type=\"column\">\n\t\t\t<div class=\"elementor-widget-wrap elementor-element-populated\">\n\t\t\t\t\t\t<div class=\"elementor-element elementor-element-a4bafbd elementor-widget elementor-widget-text-editor\" data-id=\"a4bafbd\" data-element_type=\"widget\" data-widget_type=\"text-editor.default\">\n\t\t\t\t<div class=\"elementor-widget-container\">\n\t\t\t\t\t\t\t<p><a style=\"background-color: #ffffff; font-size: 1rem;\" href=\"http:\/\/www.fehv.org\" target=\"_new\" rel=\"noopener\">www.fehv.org<\/a><span style=\"font-size: 1rem;\">, in compliance with current regulations, uses cookies to improve the user experience and analyze browsing on our website. Below, we explain what cookies are, the types we use, and how you can configure or disable them.<\/span><span style=\"color: inherit; font-family: inherit; font-size: 1.25rem;\">\u00a0<\/span><\/p><h5><strong>\u00a0<\/strong><\/h5><h5><strong>What are cookies?<\/strong><\/h5><p>Cookies are small text files stored in your browser when you visit a website. They are designed to enhance the user experience by allowing the website to remember your preferences or collect information for statistical purposes.<\/p><h5>\u00a0<\/h5><h5><strong>Cookies used in this website<\/strong><\/h5><p>On <strong><a href=\"http:\/\/www.fehv.org\" target=\"_new\" rel=\"noopener\">www.fehv.org<\/a><\/strong> we use the following types of cookies:<\/p><ul><li><strong>Google Analytics cookies<\/strong>:<ul><li><code>_ga<\/code>, <code>_ga_NLGCVBJPYH<\/code>, <code>_gid<\/code>, <code>_gat_gtag_UA_132338119_1<\/code>: These cookies are used to collect information about how visitors use our site. The collected data is used to create reports and help us improve the site.<\/li><\/ul><\/li><\/ul><ul><li><strong>WC Captcha session cookies<\/strong>:<ul><li><code>wc_session_ids[default]<\/code>, <code>wc_session_ids[multi][0]<\/code> a <code>wc_session_ids[multi][4]<\/code>: These cookies allow user session management to determine the refresh time for the captcha (if required by the page).<\/li><\/ul><\/li><\/ul><div><ul><li><span style=\"font-weight: bolder;\">GDPR Cookie Compliance cookies<\/span>:<ul><li><code style=\"font-size: 14px;\">moove_gdpr_popup<\/code>: These cookies manage the acceptance or rejection of third-party or additional cookies.<\/li><\/ul><\/li><\/ul><\/div><h5>\u00a0<\/h5><h5><strong>How to manage cookies<\/strong><\/h5><p>You can allow, block, or delete cookies installed on your device through your browser\u2019s configuration options. Depending on the browser you use, the procedure may vary:<\/p><ul><li><strong>Google Chrome<\/strong>: Settings &gt; Privacy and Security &gt; Cookies and other site data.<\/li><li><strong>Mozilla Firefox<\/strong>: Options &gt; Privacy &amp; Security &gt; Cookies and Site Data<\/li><li><strong>Microsoft Edge<\/strong>: Settings &gt; Privacy, search, and services &gt; Cookies and site permissions.<\/li><\/ul><p>For more information on deleting cookies or managing their settings, please refer to the help section of the browser you are using.<\/p>\t\t\t\t\t\t<\/div>\n\t\t\t\t<\/div>\n\t\t\t\t\t<\/div>\n\t\t<\/div>\n\t\t\t\t\t<\/div>\n\t\t<\/section>\n\t\t\t\t<\/div>\n\t\t","protected":false},"excerpt":{"rendered":"Cookies policy www.fehv.org, in compliance with current regulations, uses cookies to improve the user experience and analyze browsing on our website. Below, we explain what cookies are, the types we use, and how you can configure or disable them.\u00a0 \u00a0 What are cookies? Cookies are small text files stored in your browser when you visit&#8230; <a class=\"view-article\" href=\"https:\/\/fehv.org\/en\/cookies-policy\/\">View Article<\/a>","protected":false},"author":1,"featured_media":0,"parent":0,"menu_order":0,"comment_status":"closed","ping_status":"closed","template":"template\/template-doctor.php","meta":{"_acf_changed":false,"footnotes":""},"class_list":["post-4521","page","type-page","status-publish","hentry"],"acf":[],"yoast_head":"<!-- This site is optimized with the Yoast SEO Premium plugin v23.7 (Yoast SEO v23.7) - https:\/\/yoast.com\/wordpress\/plugins\/seo\/ -->\n<title>Cookies policy - Cl\u00ednica FEHV<\/title>\n<meta name=\"robots\" content=\"index, follow, max-snippet:-1, max-image-preview:large, max-video-preview:-1\" \/>\n<link rel=\"canonical\" href=\"https:\/\/fehv.org\/en\/cookies-policy\/\" \/>\n<meta property=\"og:locale\" content=\"en_US\" \/>\n<meta property=\"og:type\" content=\"article\" \/>\n<meta property=\"og:title\" content=\"Cookies policy\" \/>\n<meta property=\"og:description\" content=\"Cookies policy www.fehv.org, in compliance with current regulations, uses cookies to improve the user experience and analyze browsing on our website. Below, we explain what cookies are, the types we use, and how you can configure or disable them.\u00a0 \u00a0 What are cookies? Cookies are small text files stored in your browser when you visit... View Article\" \/>\n<meta property=\"og:url\" content=\"https:\/\/fehv.org\/en\/cookies-policy\/\" \/>\n<meta property=\"og:site_name\" content=\"Cl\u00ednica FEHV\" \/>\n<meta property=\"article:publisher\" content=\"https:\/\/www.facebook.com\/pages\/Fundacion%20Para%20el%20Estudio%20de%20las%20Hepatitis%20Virales\/228605694153917\/\" \/>\n<meta property=\"article:modified_time\" content=\"2024-10-27T21:04:05+00:00\" \/>\n<meta name=\"twitter:card\" content=\"summary_large_image\" \/>\n<meta name=\"twitter:label1\" content=\"Est. reading time\" \/>\n\t<meta name=\"twitter:data1\" content=\"2 minutes\" \/>\n<script type=\"application\/ld+json\" class=\"yoast-schema-graph\">{\"@context\":\"https:\/\/schema.org\",\"@graph\":[{\"@type\":\"WebPage\",\"@id\":\"https:\/\/fehv.org\/en\/cookies-policy\/\",\"url\":\"https:\/\/fehv.org\/en\/cookies-policy\/\",\"name\":\"Cookies policy - Cl\u00ednica FEHV\",\"isPartOf\":{\"@id\":\"https:\/\/fehv.org\/#website\"},\"datePublished\":\"2024-10-27T20:58:01+00:00\",\"dateModified\":\"2024-10-27T21:04:05+00:00\",\"breadcrumb\":{\"@id\":\"https:\/\/fehv.org\/en\/cookies-policy\/#breadcrumb\"},\"inLanguage\":\"en-US\",\"potentialAction\":[{\"@type\":\"ReadAction\",\"target\":[\"https:\/\/fehv.org\/en\/cookies-policy\/\"]}]},{\"@type\":\"BreadcrumbList\",\"@id\":\"https:\/\/fehv.org\/en\/cookies-policy\/#breadcrumb\",\"itemListElement\":[{\"@type\":\"ListItem\",\"position\":1,\"name\":\"Portada\",\"item\":\"https:\/\/fehv.org\/en\/\"},{\"@type\":\"ListItem\",\"position\":2,\"name\":\"Cookies policy\"}]},{\"@type\":\"WebSite\",\"@id\":\"https:\/\/fehv.org\/#website\",\"url\":\"https:\/\/fehv.org\/\",\"name\":\"Cl\u00ednica FEHV\",\"description\":\"Web de la Cl\u00ednica de la Fundaci\u00f3n para el Estudio de las Hepatitis Virales\",\"publisher\":{\"@id\":\"https:\/\/fehv.org\/#organization\"},\"potentialAction\":[{\"@type\":\"SearchAction\",\"target\":{\"@type\":\"EntryPoint\",\"urlTemplate\":\"https:\/\/fehv.org\/?s={search_term_string}\"},\"query-input\":{\"@type\":\"PropertyValueSpecification\",\"valueRequired\":true,\"valueName\":\"search_term_string\"}}],\"inLanguage\":\"en-US\"},{\"@type\":\"Organization\",\"@id\":\"https:\/\/fehv.org\/#organization\",\"name\":\"Fundaci\u00f3n para el Estudio de las Hepatitis Virales - FEHV\",\"url\":\"https:\/\/fehv.org\/\",\"logo\":{\"@type\":\"ImageObject\",\"inLanguage\":\"en-US\",\"@id\":\"https:\/\/fehv.org\/#\/schema\/logo\/image\/\",\"url\":\"https:\/\/fehv.org\/wp-content\/uploads\/2021\/03\/logo_fib-4.png\",\"contentUrl\":\"https:\/\/fehv.org\/wp-content\/uploads\/2021\/03\/logo_fib-4.png\",\"width\":47,\"height\":73,\"caption\":\"Fundaci\u00f3n para el Estudio de las Hepatitis Virales - FEHV\"},\"image\":{\"@id\":\"https:\/\/fehv.org\/#\/schema\/logo\/image\/\"},\"sameAs\":[\"https:\/\/www.facebook.com\/pages\/Fundacion Para el Estudio de las Hepatitis Virales\/228605694153917\/\"]}]}<\/script>\n<!-- \/ Yoast SEO Premium plugin. -->","yoast_head_json":{"title":"Cookies policy - Cl\u00ednica FEHV","robots":{"index":"index","follow":"follow","max-snippet":"max-snippet:-1","max-image-preview":"max-image-preview:large","max-video-preview":"max-video-preview:-1"},"canonical":"https:\/\/fehv.org\/en\/cookies-policy\/","og_locale":"en_US","og_type":"article","og_title":"Cookies policy","og_description":"Cookies policy www.fehv.org, in compliance with current regulations, uses cookies to improve the user experience and analyze browsing on our website. Below, we explain what cookies are, the types we use, and how you can configure or disable them.\u00a0 \u00a0 What are cookies? Cookies are small text files stored in your browser when you visit... View Article","og_url":"https:\/\/fehv.org\/en\/cookies-policy\/","og_site_name":"Cl\u00ednica FEHV","article_publisher":"https:\/\/www.facebook.com\/pages\/Fundacion%20Para%20el%20Estudio%20de%20las%20Hepatitis%20Virales\/228605694153917\/","article_modified_time":"2024-10-27T21:04:05+00:00","twitter_card":"summary_large_image","twitter_misc":{"Est. reading time":"2 minutes"},"schema":{"@context":"https:\/\/schema.org","@graph":[{"@type":"WebPage","@id":"https:\/\/fehv.org\/en\/cookies-policy\/","url":"https:\/\/fehv.org\/en\/cookies-policy\/","name":"Cookies policy - Cl\u00ednica FEHV","isPartOf":{"@id":"https:\/\/fehv.org\/#website"},"datePublished":"2024-10-27T20:58:01+00:00","dateModified":"2024-10-27T21:04:05+00:00","breadcrumb":{"@id":"https:\/\/fehv.org\/en\/cookies-policy\/#breadcrumb"},"inLanguage":"en-US","potentialAction":[{"@type":"ReadAction","target":["https:\/\/fehv.org\/en\/cookies-policy\/"]}]},{"@type":"BreadcrumbList","@id":"https:\/\/fehv.org\/en\/cookies-policy\/#breadcrumb","itemListElement":[{"@type":"ListItem","position":1,"name":"Portada","item":"https:\/\/fehv.org\/en\/"},{"@type":"ListItem","position":2,"name":"Cookies policy"}]},{"@type":"WebSite","@id":"https:\/\/fehv.org\/#website","url":"https:\/\/fehv.org\/","name":"Cl\u00ednica FEHV","description":"Web de la Cl\u00ednica de la Fundaci\u00f3n para el Estudio de las Hepatitis Virales","publisher":{"@id":"https:\/\/fehv.org\/#organization"},"potentialAction":[{"@type":"SearchAction","target":{"@type":"EntryPoint","urlTemplate":"https:\/\/fehv.org\/?s={search_term_string}"},"query-input":{"@type":"PropertyValueSpecification","valueRequired":true,"valueName":"search_term_string"}}],"inLanguage":"en-US"},{"@type":"Organization","@id":"https:\/\/fehv.org\/#organization","name":"Fundaci\u00f3n para el Estudio de las Hepatitis Virales - FEHV","url":"https:\/\/fehv.org\/","logo":{"@type":"ImageObject","inLanguage":"en-US","@id":"https:\/\/fehv.org\/#\/schema\/logo\/image\/","url":"https:\/\/fehv.org\/wp-content\/uploads\/2021\/03\/logo_fib-4.png","contentUrl":"https:\/\/fehv.org\/wp-content\/uploads\/2021\/03\/logo_fib-4.png","width":47,"height":73,"caption":"Fundaci\u00f3n para el Estudio de las Hepatitis Virales - FEHV"},"image":{"@id":"https:\/\/fehv.org\/#\/schema\/logo\/image\/"},"sameAs":["https:\/\/www.facebook.com\/pages\/Fundacion Para el Estudio de las Hepatitis Virales\/228605694153917\/"]}]}},"_links":{"self":[{"href":"https:\/\/fehv.org\/en\/wp-json\/wp\/v2\/pages\/4521"}],"collection":[{"href":"https:\/\/fehv.org\/en\/wp-json\/wp\/v2\/pages"}],"about":[{"href":"https:\/\/fehv.org\/en\/wp-json\/wp\/v2\/types\/page"}],"author":[{"embeddable":true,"href":"https:\/\/fehv.org\/en\/wp-json\/wp\/v2\/users\/1"}],"replies":[{"embeddable":true,"href":"https:\/\/fehv.org\/en\/wp-json\/wp\/v2\/comments?post=4521"}],"version-history":[{"count":7,"href":"https:\/\/fehv.org\/en\/wp-json\/wp\/v2\/pages\/4521\/revisions"}],"predecessor-version":[{"id":4528,"href":"https:\/\/fehv.org\/en\/wp-json\/wp\/v2\/pages\/4521\/revisions\/4528"}],"wp:attachment":[{"href":"https:\/\/fehv.org\/en\/wp-json\/wp\/v2\/media?parent=4521"}],"curies":[{"name":"wp","href":"https:\/\/api.w.org\/{rel}","templated":true}]}}