{"id":1671,"date":"2018-08-23T14:15:42","date_gmt":"2018-08-23T14:15:42","guid":{"rendered":"https:\/\/fehv.org\/?page_id=1671"},"modified":"2018-11-22T00:11:37","modified_gmt":"2018-11-22T00:11:37","slug":"doctors","status":"publish","type":"page","link":"https:\/\/fehv.org\/en\/the-clinic\/doctors\/","title":{"rendered":"Doctors"},"content":{"rendered":"\t\t<div data-elementor-type=\"wp-post\" data-elementor-id=\"1671\" class=\"elementor elementor-1671 elementor-67 elementor-bc-flex-widget\">\n\t\t\t\t\t\t<section class=\"elementor-section elementor-top-section elementor-element elementor-element-166ddaf5 elementor-section-content-middle elementor-section-boxed elementor-section-height-default elementor-section-height-default\" data-id=\"166ddaf5\" data-element_type=\"section\">\n\t\t\t\t\t\t<div class=\"elementor-container elementor-column-gap-no\">\n\t\t\t\t\t<div class=\"elementor-column elementor-col-100 elementor-top-column elementor-element elementor-element-2fc9c41a\" data-id=\"2fc9c41a\" data-element_type=\"column\">\n\t\t\t<div class=\"elementor-widget-wrap elementor-element-populated\">\n\t\t\t\t\t\t<div class=\"elementor-element elementor-element-795c289e elementor-position-left elementor-vertical-align-middle elementor-widget elementor-widget-image-box\" data-id=\"795c289e\" data-element_type=\"widget\" data-widget_type=\"image-box.default\">\n\t\t\t\t<div class=\"elementor-widget-container\">\n\t\t\t<div class=\"elementor-image-box-wrapper\"><figure class=\"elementor-image-box-img\"><a href=\"https:\/\/fehv.org\/especialista\/vicente-carreno\/\" tabindex=\"-1\"><img decoding=\"async\" src=\"https:\/\/fehv.org\/wp-content\/uploads\/2018\/06\/Vicente-Carreno-clinica-hepatologia.jpg\" title=\"\" alt=\"\" loading=\"lazy\" \/><\/a><\/figure><div class=\"elementor-image-box-content\"><h3 class=\"elementor-image-box-title\"><a href=\"https:\/\/fehv.org\/especialista\/vicente-carreno\/\">Dr. Vicente Carre\u00f1o<\/a><\/h3><p class=\"elementor-image-box-description\">Hepatologist<br>Founder and president of the foundation for the study of viral hepatitis<br><br><a href=\"https:\/\/fehv.org\/en\/especialista\/dr-vicente-carreno\/\">Read more about Dr. Vicente Carre\u00f1o<\/a><\/p><\/div><\/div>\t\t<\/div>\n\t\t\t\t<\/div>\n\t\t\t\t<div class=\"elementor-element elementor-element-664f96d4 elementor-widget elementor-widget-text-editor\" data-id=\"664f96d4\" data-element_type=\"widget\" data-widget_type=\"text-editor.default\">\n\t\t\t\t<div class=\"elementor-widget-container\">\n\t\t\t\t\t\t\t<p>Currently, he is considered<strong> one of the best hepatologists internationally<\/strong>. Dr. Carre\u00f1o is a member of the European and American Societies for the Study of Liver Diseases. He trained as a doctor and received his doctorate in 1985 from the Faculty of Medicine of the Autonomous University of Madrid. He developed his international career in Research Centers in <strong>Oxford, Berlin and London.<\/strong><\/p>\n\t\t\t\t\t\t<\/div>\n\t\t\t\t<\/div>\n\t\t\t\t\t<\/div>\n\t\t<\/div>\n\t\t\t\t\t<\/div>\n\t\t<\/section>\n\t\t\t\t<section class=\"elementor-section elementor-top-section elementor-element elementor-element-25c8f4b elementor-section-boxed elementor-section-height-default elementor-section-height-default\" data-id=\"25c8f4b\" data-element_type=\"section\">\n\t\t\t\t\t\t<div class=\"elementor-container elementor-column-gap-default\">\n\t\t\t\t\t<div class=\"elementor-column elementor-col-100 elementor-top-column elementor-element elementor-element-44a87f5\" data-id=\"44a87f5\" data-element_type=\"column\">\n\t\t\t<div class=\"elementor-widget-wrap elementor-element-populated\">\n\t\t\t\t\t\t<div class=\"elementor-element elementor-element-19905bf elementor-widget elementor-widget-shortcode\" data-id=\"19905bf\" data-element_type=\"widget\" data-widget_type=\"shortcode.default\">\n\t\t\t\t<div class=\"elementor-widget-container\">\n\t\t\t\r\n    <div class=\"card-deck d-flex justify-content-between card-doctor\">\r\n\r\n                        \r\n                    <div class=\"card card-doctor-info my-5\">\r\n                        <a href=\"https:\/\/fehv.org\/en\/especialista\/dra-beatriz-de-cuenca\/\">\r\n                        <img fetchpriority=\"high\" decoding=\"async\" class=\"card-img-top img-fluid\" src=\"https:\/\/fehv.org\/wp-content\/uploads\/2018\/07\/BeatrizdeCuenca.jpg\" width=\"300\" height=\"200\" alt=\"Especialista medicina interna FEHV\">\r\n                        <div class=\"card-body text-center pt-5\">\r\n                            <h5 class=\"card-title\" style=\"color:black;\"><strong>Dra. Beatriz de Cuenca<\/strong><\/h5>\r\n                            <p class=\"card-text\">Digestive  <\/p>\r\n                        <\/div>\r\n                        <\/a>\r\n                    <\/div>\r\n\r\n                \r\n                    <div class=\"card card-doctor-info my-5\">\r\n                        <a href=\"https:\/\/fehv.org\/en\/especialista\/dra-guillermina-barril\/\">\r\n                        <img decoding=\"async\" class=\"card-img-top img-fluid\" src=\"https:\/\/fehv.org\/wp-content\/uploads\/2018\/07\/BARRIL-350x197.jpg\" width=\"300\" height=\"200\" alt=\"Especialista medicina interna FEHV\">\r\n                        <div class=\"card-body text-center pt-5\">\r\n                            <h5 class=\"card-title\" style=\"color:black;\"><strong>Dra. Guillermina Barril<\/strong><\/h5>\r\n                            <p class=\"card-text\">Nephrologist  <\/p>\r\n                        <\/div>\r\n                        <\/a>\r\n                    <\/div>\r\n\r\n                \r\n                    <div class=\"card card-doctor-info my-5\">\r\n                        <a href=\"https:\/\/fehv.org\/en\/especialista\/dr-victor-nunez\/\">\r\n                        <img decoding=\"async\" class=\"card-img-top img-fluid\" src=\"https:\/\/fehv.org\/wp-content\/uploads\/2018\/07\/Dr.-Nunez-350x197.jpg\" width=\"300\" height=\"200\" alt=\"Especialista medicina interna FEHV\">\r\n                        <div class=\"card-body text-center pt-5\">\r\n                            <h5 class=\"card-title\" style=\"color:black;\"><strong>Dr. V\u00edctor N\u00fa\u00f1ez<\/strong><\/h5>\r\n                            <p class=\"card-text\">Radiologist  <\/p>\r\n                        <\/div>\r\n                        <\/a>\r\n                    <\/div>\r\n\r\n                \r\n        \r\n                <\/div>\r\n\r\n\t\t<div class=\"elementor-shortcode\"><\/div>\n\t\t\t\t<\/div>\n\t\t\t\t<\/div>\n\t\t\t\t\t<\/div>\n\t\t<\/div>\n\t\t\t\t\t<\/div>\n\t\t<\/section>\n\t\t\t\t<section class=\"elementor-section elementor-top-section elementor-element elementor-element-42f99156 elementor-section-stretched elementor-section-boxed elementor-section-height-default elementor-section-height-default\" data-id=\"42f99156\" data-element_type=\"section\" data-settings=\"{&quot;stretch_section&quot;:&quot;section-stretched&quot;,&quot;background_background&quot;:&quot;classic&quot;}\">\n\t\t\t\t\t\t<div class=\"elementor-container elementor-column-gap-default\">\n\t\t\t\t\t<div class=\"elementor-column elementor-col-50 elementor-top-column elementor-element elementor-element-411710d6\" data-id=\"411710d6\" data-element_type=\"column\">\n\t\t\t<div class=\"elementor-widget-wrap elementor-element-populated\">\n\t\t\t\t\t\t<div class=\"elementor-element elementor-element-102d2fea elementor-widget elementor-widget-image\" data-id=\"102d2fea\" data-element_type=\"widget\" data-widget_type=\"image.default\">\n\t\t\t\t<div class=\"elementor-widget-container\">\n\t\t\t\t\t\t\t\t\t\t\t\t\t<img decoding=\"async\" src=\"https:\/\/fehv.org\/wp-content\/uploads\/2018\/06\/medical-appointment-doctor-healthcare-40568.jpeg\" title=\"\" alt=\"\" loading=\"lazy\" \/>\t\t\t\t\t\t\t\t\t\t\t\t\t<\/div>\n\t\t\t\t<\/div>\n\t\t\t\t\t<\/div>\n\t\t<\/div>\n\t\t\t\t<div class=\"elementor-column elementor-col-50 elementor-top-column elementor-element elementor-element-5685488a\" data-id=\"5685488a\" data-element_type=\"column\">\n\t\t\t<div class=\"elementor-widget-wrap elementor-element-populated\">\n\t\t\t\t\t\t<div class=\"elementor-element elementor-element-49e790bf elementor-widget elementor-widget-text-editor\" data-id=\"49e790bf\" data-element_type=\"widget\" data-widget_type=\"text-editor.default\">\n\t\t\t\t<div class=\"elementor-widget-container\">\n\t\t\t\t\t\t\t<p>Among the most important achievements made by the FEHV, is the discovery in 2004 of a new form of hepatitis, which has been called &#8220;<a href=\"https:\/\/fehv.org\/en\/diseases\/hidden-infection-by-virus-c\/\"><strong>hidden hepatitis C virus infection<\/strong><\/a>&#8220;, published in the Journal of Infectious Diseases of the USA. These studies had a great impact, appearing more than 100 news about them in the national and international written media, as well as in the news of the television networks and radio programs.<\/p>\n\t\t\t\t\t\t<\/div>\n\t\t\t\t<\/div>\n\t\t\t\t\t<\/div>\n\t\t<\/div>\n\t\t\t\t\t<\/div>\n\t\t<\/section>\n\t\t\t\t<section class=\"elementor-section elementor-top-section elementor-element elementor-element-6f19e20b elementor-section-stretched elementor-section-boxed elementor-section-height-default elementor-section-height-default\" data-id=\"6f19e20b\" data-element_type=\"section\" data-settings=\"{&quot;stretch_section&quot;:&quot;section-stretched&quot;,&quot;background_background&quot;:&quot;classic&quot;}\">\n\t\t\t\t\t\t<div class=\"elementor-container elementor-column-gap-default\">\n\t\t\t\t\t<div class=\"elementor-column elementor-col-50 elementor-top-column elementor-element elementor-element-4d788b05\" data-id=\"4d788b05\" data-element_type=\"column\">\n\t\t\t<div class=\"elementor-widget-wrap elementor-element-populated\">\n\t\t\t\t\t\t<div class=\"elementor-element elementor-element-c033f7b elementor-widget elementor-widget-heading\" data-id=\"c033f7b\" data-element_type=\"widget\" data-widget_type=\"heading.default\">\n\t\t\t\t<div class=\"elementor-widget-container\">\n\t\t\t<h3 class=\"elementor-heading-title elementor-size-default\">REQUEST INFORMATION WITHOUT COMMITMENT<\/h3>\t\t<\/div>\n\t\t\t\t<\/div>\n\t\t\t\t\t<\/div>\n\t\t<\/div>\n\t\t\t\t<div class=\"elementor-column elementor-col-50 elementor-top-column elementor-element elementor-element-3e27d4ca\" data-id=\"3e27d4ca\" data-element_type=\"column\">\n\t\t\t<div class=\"elementor-widget-wrap elementor-element-populated\">\n\t\t\t\t\t\t<div class=\"elementor-element elementor-element-2dbcc5e elementor-align-center elementor-widget elementor-widget-button\" data-id=\"2dbcc5e\" data-element_type=\"widget\" data-widget_type=\"button.default\">\n\t\t\t\t<div class=\"elementor-widget-container\">\n\t\t\t\t\t<div class=\"elementor-button-wrapper\">\n\t\t\t<a class=\"elementor-button elementor-button-link elementor-size-xl\" href=\"\/?page_id=810\">\n\t\t\t\t\t\t<span class=\"elementor-button-content-wrapper\">\n\t\t\t\t\t\t\t\t\t<span class=\"elementor-button-text\">REQUEST INFORMATION<\/span>\n\t\t\t\t\t<\/span>\n\t\t\t\t\t<\/a>\n\t\t<\/div>\n\t\t\t\t<\/div>\n\t\t\t\t<\/div>\n\t\t\t\t\t<\/div>\n\t\t<\/div>\n\t\t\t\t\t<\/div>\n\t\t<\/section>\n\t\t\t\t<\/div>\n\t\t","protected":false},"excerpt":{"rendered":"The doctors of the FEHV Clinic are recognized specialists in their respective fields of research.","protected":false},"author":1,"featured_media":0,"parent":1693,"menu_order":0,"comment_status":"closed","ping_status":"closed","template":"","meta":{"_acf_changed":false,"footnotes":""},"class_list":["post-1671","page","type-page","status-publish","hentry"],"acf":[],"yoast_head":"<!-- This site is optimized with the Yoast SEO Premium plugin v23.7 (Yoast SEO v23.7) - https:\/\/yoast.com\/wordpress\/plugins\/seo\/ -->\n<title>Doctors - Cl\u00ednica FEHV<\/title>\n<meta name=\"description\" content=\"The doctors of the FEHV Clinic are recognized specialists in their respective fields of research. Call us at (+34)915449464 and ask for your appointment.\" \/>\n<meta name=\"robots\" content=\"index, follow, max-snippet:-1, max-image-preview:large, max-video-preview:-1\" \/>\n<link rel=\"canonical\" href=\"https:\/\/fehv.org\/en\/the-clinic\/doctors\/\" \/>\n<meta property=\"og:locale\" content=\"en_US\" \/>\n<meta property=\"og:type\" content=\"article\" \/>\n<meta property=\"og:title\" content=\"Doctors\" \/>\n<meta property=\"og:description\" content=\"The doctors of the FEHV Clinic are recognized specialists in their respective fields of research. Call us at (+34)915449464 and ask for your appointment.\" \/>\n<meta property=\"og:url\" content=\"https:\/\/fehv.org\/en\/the-clinic\/doctors\/\" \/>\n<meta property=\"og:site_name\" content=\"Cl\u00ednica FEHV\" \/>\n<meta property=\"article:publisher\" content=\"https:\/\/www.facebook.com\/pages\/Fundacion%20Para%20el%20Estudio%20de%20las%20Hepatitis%20Virales\/228605694153917\/\" \/>\n<meta property=\"article:modified_time\" content=\"2018-11-22T00:11:37+00:00\" \/>\n<meta property=\"og:image\" content=\"https:\/\/fehv.org\/wp-content\/uploads\/2018\/08\/doctores-portada.jpg\" \/>\n\t<meta property=\"og:image:width\" content=\"995\" \/>\n\t<meta property=\"og:image:height\" content=\"560\" \/>\n\t<meta property=\"og:image:type\" content=\"image\/jpeg\" \/>\n<meta name=\"twitter:card\" content=\"summary_large_image\" \/>\n<meta name=\"twitter:label1\" content=\"Est. reading time\" \/>\n\t<meta name=\"twitter:data1\" content=\"1 minute\" \/>\n<script type=\"application\/ld+json\" class=\"yoast-schema-graph\">{\"@context\":\"https:\/\/schema.org\",\"@graph\":[{\"@type\":\"WebPage\",\"@id\":\"https:\/\/fehv.org\/en\/the-clinic\/doctors\/\",\"url\":\"https:\/\/fehv.org\/en\/the-clinic\/doctors\/\",\"name\":\"Doctors - Cl\u00ednica FEHV\",\"isPartOf\":{\"@id\":\"https:\/\/fehv.org\/#website\"},\"primaryImageOfPage\":{\"@id\":\"https:\/\/fehv.org\/en\/the-clinic\/doctors\/#primaryimage\"},\"image\":{\"@id\":\"https:\/\/fehv.org\/en\/the-clinic\/doctors\/#primaryimage\"},\"thumbnailUrl\":\"https:\/\/fehv.org\/wp-content\/uploads\/2018\/06\/Vicente-Carreno-clinica-hepatologia.jpg\",\"datePublished\":\"2018-08-23T14:15:42+00:00\",\"dateModified\":\"2018-11-22T00:11:37+00:00\",\"description\":\"The doctors of the FEHV Clinic are recognized specialists in their respective fields of research. Call us at (+34)915449464 and ask for your appointment.\",\"breadcrumb\":{\"@id\":\"https:\/\/fehv.org\/en\/the-clinic\/doctors\/#breadcrumb\"},\"inLanguage\":\"en-US\",\"potentialAction\":[{\"@type\":\"ReadAction\",\"target\":[\"https:\/\/fehv.org\/en\/the-clinic\/doctors\/\"]}]},{\"@type\":\"ImageObject\",\"inLanguage\":\"en-US\",\"@id\":\"https:\/\/fehv.org\/en\/the-clinic\/doctors\/#primaryimage\",\"url\":\"https:\/\/fehv.org\/wp-content\/uploads\/2018\/06\/Vicente-Carreno-clinica-hepatologia.jpg\",\"contentUrl\":\"https:\/\/fehv.org\/wp-content\/uploads\/2018\/06\/Vicente-Carreno-clinica-hepatologia.jpg\"},{\"@type\":\"BreadcrumbList\",\"@id\":\"https:\/\/fehv.org\/en\/the-clinic\/doctors\/#breadcrumb\",\"itemListElement\":[{\"@type\":\"ListItem\",\"position\":1,\"name\":\"Portada\",\"item\":\"https:\/\/fehv.org\/en\/\"},{\"@type\":\"ListItem\",\"position\":2,\"name\":\"The Clinic\",\"item\":\"https:\/\/fehv.org\/en\/the-clinic\/\"},{\"@type\":\"ListItem\",\"position\":3,\"name\":\"Doctors\"}]},{\"@type\":\"WebSite\",\"@id\":\"https:\/\/fehv.org\/#website\",\"url\":\"https:\/\/fehv.org\/\",\"name\":\"Cl\u00ednica FEHV\",\"description\":\"Web de la Cl\u00ednica de la Fundaci\u00f3n para el Estudio de las Hepatitis Virales\",\"publisher\":{\"@id\":\"https:\/\/fehv.org\/#organization\"},\"potentialAction\":[{\"@type\":\"SearchAction\",\"target\":{\"@type\":\"EntryPoint\",\"urlTemplate\":\"https:\/\/fehv.org\/?s={search_term_string}\"},\"query-input\":{\"@type\":\"PropertyValueSpecification\",\"valueRequired\":true,\"valueName\":\"search_term_string\"}}],\"inLanguage\":\"en-US\"},{\"@type\":\"Organization\",\"@id\":\"https:\/\/fehv.org\/#organization\",\"name\":\"Fundaci\u00f3n para el Estudio de las Hepatitis Virales - FEHV\",\"url\":\"https:\/\/fehv.org\/\",\"logo\":{\"@type\":\"ImageObject\",\"inLanguage\":\"en-US\",\"@id\":\"https:\/\/fehv.org\/#\/schema\/logo\/image\/\",\"url\":\"https:\/\/fehv.org\/wp-content\/uploads\/2021\/03\/logo_fib-4.png\",\"contentUrl\":\"https:\/\/fehv.org\/wp-content\/uploads\/2021\/03\/logo_fib-4.png\",\"width\":47,\"height\":73,\"caption\":\"Fundaci\u00f3n para el Estudio de las Hepatitis Virales - FEHV\"},\"image\":{\"@id\":\"https:\/\/fehv.org\/#\/schema\/logo\/image\/\"},\"sameAs\":[\"https:\/\/www.facebook.com\/pages\/Fundacion Para el Estudio de las Hepatitis Virales\/228605694153917\/\"]}]}<\/script>\n<!-- \/ Yoast SEO Premium plugin. -->","yoast_head_json":{"title":"Doctors - Cl\u00ednica FEHV","description":"The doctors of the FEHV Clinic are recognized specialists in their respective fields of research. Call us at (+34)915449464 and ask for your appointment.","robots":{"index":"index","follow":"follow","max-snippet":"max-snippet:-1","max-image-preview":"max-image-preview:large","max-video-preview":"max-video-preview:-1"},"canonical":"https:\/\/fehv.org\/en\/the-clinic\/doctors\/","og_locale":"en_US","og_type":"article","og_title":"Doctors","og_description":"The doctors of the FEHV Clinic are recognized specialists in their respective fields of research. Call us at (+34)915449464 and ask for your appointment.","og_url":"https:\/\/fehv.org\/en\/the-clinic\/doctors\/","og_site_name":"Cl\u00ednica FEHV","article_publisher":"https:\/\/www.facebook.com\/pages\/Fundacion%20Para%20el%20Estudio%20de%20las%20Hepatitis%20Virales\/228605694153917\/","article_modified_time":"2018-11-22T00:11:37+00:00","og_image":[{"width":995,"height":560,"url":"https:\/\/fehv.org\/wp-content\/uploads\/2018\/08\/doctores-portada.jpg","type":"image\/jpeg"}],"twitter_card":"summary_large_image","twitter_misc":{"Est. reading time":"1 minute"},"schema":{"@context":"https:\/\/schema.org","@graph":[{"@type":"WebPage","@id":"https:\/\/fehv.org\/en\/the-clinic\/doctors\/","url":"https:\/\/fehv.org\/en\/the-clinic\/doctors\/","name":"Doctors - Cl\u00ednica FEHV","isPartOf":{"@id":"https:\/\/fehv.org\/#website"},"primaryImageOfPage":{"@id":"https:\/\/fehv.org\/en\/the-clinic\/doctors\/#primaryimage"},"image":{"@id":"https:\/\/fehv.org\/en\/the-clinic\/doctors\/#primaryimage"},"thumbnailUrl":"https:\/\/fehv.org\/wp-content\/uploads\/2018\/06\/Vicente-Carreno-clinica-hepatologia.jpg","datePublished":"2018-08-23T14:15:42+00:00","dateModified":"2018-11-22T00:11:37+00:00","description":"The doctors of the FEHV Clinic are recognized specialists in their respective fields of research. Call us at (+34)915449464 and ask for your appointment.","breadcrumb":{"@id":"https:\/\/fehv.org\/en\/the-clinic\/doctors\/#breadcrumb"},"inLanguage":"en-US","potentialAction":[{"@type":"ReadAction","target":["https:\/\/fehv.org\/en\/the-clinic\/doctors\/"]}]},{"@type":"ImageObject","inLanguage":"en-US","@id":"https:\/\/fehv.org\/en\/the-clinic\/doctors\/#primaryimage","url":"https:\/\/fehv.org\/wp-content\/uploads\/2018\/06\/Vicente-Carreno-clinica-hepatologia.jpg","contentUrl":"https:\/\/fehv.org\/wp-content\/uploads\/2018\/06\/Vicente-Carreno-clinica-hepatologia.jpg"},{"@type":"BreadcrumbList","@id":"https:\/\/fehv.org\/en\/the-clinic\/doctors\/#breadcrumb","itemListElement":[{"@type":"ListItem","position":1,"name":"Portada","item":"https:\/\/fehv.org\/en\/"},{"@type":"ListItem","position":2,"name":"The Clinic","item":"https:\/\/fehv.org\/en\/the-clinic\/"},{"@type":"ListItem","position":3,"name":"Doctors"}]},{"@type":"WebSite","@id":"https:\/\/fehv.org\/#website","url":"https:\/\/fehv.org\/","name":"Cl\u00ednica FEHV","description":"Web de la Cl\u00ednica de la Fundaci\u00f3n para el Estudio de las Hepatitis Virales","publisher":{"@id":"https:\/\/fehv.org\/#organization"},"potentialAction":[{"@type":"SearchAction","target":{"@type":"EntryPoint","urlTemplate":"https:\/\/fehv.org\/?s={search_term_string}"},"query-input":{"@type":"PropertyValueSpecification","valueRequired":true,"valueName":"search_term_string"}}],"inLanguage":"en-US"},{"@type":"Organization","@id":"https:\/\/fehv.org\/#organization","name":"Fundaci\u00f3n para el Estudio de las Hepatitis Virales - FEHV","url":"https:\/\/fehv.org\/","logo":{"@type":"ImageObject","inLanguage":"en-US","@id":"https:\/\/fehv.org\/#\/schema\/logo\/image\/","url":"https:\/\/fehv.org\/wp-content\/uploads\/2021\/03\/logo_fib-4.png","contentUrl":"https:\/\/fehv.org\/wp-content\/uploads\/2021\/03\/logo_fib-4.png","width":47,"height":73,"caption":"Fundaci\u00f3n para el Estudio de las Hepatitis Virales - FEHV"},"image":{"@id":"https:\/\/fehv.org\/#\/schema\/logo\/image\/"},"sameAs":["https:\/\/www.facebook.com\/pages\/Fundacion Para el Estudio de las Hepatitis Virales\/228605694153917\/"]}]}},"_links":{"self":[{"href":"https:\/\/fehv.org\/en\/wp-json\/wp\/v2\/pages\/1671"}],"collection":[{"href":"https:\/\/fehv.org\/en\/wp-json\/wp\/v2\/pages"}],"about":[{"href":"https:\/\/fehv.org\/en\/wp-json\/wp\/v2\/types\/page"}],"author":[{"embeddable":true,"href":"https:\/\/fehv.org\/en\/wp-json\/wp\/v2\/users\/1"}],"replies":[{"embeddable":true,"href":"https:\/\/fehv.org\/en\/wp-json\/wp\/v2\/comments?post=1671"}],"version-history":[{"count":4,"href":"https:\/\/fehv.org\/en\/wp-json\/wp\/v2\/pages\/1671\/revisions"}],"predecessor-version":[{"id":2057,"href":"https:\/\/fehv.org\/en\/wp-json\/wp\/v2\/pages\/1671\/revisions\/2057"}],"up":[{"embeddable":true,"href":"https:\/\/fehv.org\/en\/wp-json\/wp\/v2\/pages\/1693"}],"wp:attachment":[{"href":"https:\/\/fehv.org\/en\/wp-json\/wp\/v2\/media?parent=1671"}],"curies":[{"name":"wp","href":"https:\/\/api.w.org\/{rel}","templated":true}]}}